{"id":508,"date":"2025-11-08T07:52:22","date_gmt":"2025-11-08T06:52:22","guid":{"rendered":"https:\/\/snckvrebac.hr\/?page_id=508"},"modified":"2025-11-08T08:46:11","modified_gmt":"2025-11-08T07:46:11","slug":"decisions","status":"publish","type":"page","link":"https:\/\/snckvrebac.hr\/en\/society\/decisions\/","title":{"rendered":"Decisions"},"content":{"rendered":"<p>Lorem ipsum dolor sit amet, consectetur adipiscing elit. Sed sit amet quam sodales, rhoncus mauris a, semper dolor. Vivamus lacinia auctor ante, et vestibulum justo viverra in. Vivamus id diam sed ipsum fringilla vestibulum. Nam et vehicula sem. Morbi dapibus enim nec arcu porta auctor. Curabitur volutpat malesuada magna, ornare finibus leo sagittis non. Cras in magna vel neque semper sollicitudin sed at enim. Nullam posuere sodales nulla vel efficitur. Sed elementum non mauris sit amet scelerisque. Vestibulum ante ipsum primis in faucibus orci luctus et ultrices posuere cubilia curae; Suspendisse ante elit, posuere in vestibulum blandit, porta id ipsum. Mauris in porta ex. Fusce eget aliquam nunc, et eleifend mi. Duis nunc nibh, finibus id mollis et, pulvinar eget urna.<\/p>\n<p>Donec vehicula, ante et scelerisque suscipit, ex ligula efficitur libero, id suscipit libero quam vel eros. Donec eu malesuada ex, nec interdum nisi. Cras sed nisl posuere, facilisis tellus aliquam, placerat eros. Donec non volutpat quam, quis aliquam odio. Nam vel purus eleifend, fermentum dui vel, tristique est. Mauris et ullamcorper ligula. Nam vel lectus facilisis, sagittis urna vitae, condimentum mauris. Nulla ut auctor felis, pulvinar commodo mi. Phasellus imperdiet mi leo, eget viverra leo porta at. Integer tortor eros, iaculis eget elit nec, molestie egestas nisi. Maecenas bibendum ex vel ante lobortis, non vestibulum felis faucibus. Quisque scelerisque leo vel tellus placerat, quis pellentesque elit elementum.<\/p>\n<p>Phasellus lacus felis, mollis id ornare vitae, interdum sed justo. Donec dictum mi eu hendrerit hendrerit. Morbi orci orci, congue vel dolor sit amet, vehicula fermentum quam. Quisque id neque justo. Sed luctus, ipsum fermentum lacinia congue, nisi velit pulvinar sem, ac rutrum risus enim vel neque. Curabitur ut sem ac velit viverra fringilla. In hac habitasse platea dictumst. Pellentesque cursus lorem sit amet mi aliquam, vitae volutpat magna bibendum.<\/p>\n","protected":false},"excerpt":{"rendered":"<p>Lorem ipsum dolor sit amet, consectetur adipiscing elit. Sed sit amet quam sodales, rhoncus mauris a, semper dolor. Vivamus lacinia auctor ante, et vestibulum justo viverra in. Vivamus id diam &#8230;<\/p>\n","protected":false},"author":1,"featured_media":0,"parent":506,"menu_order":3,"comment_status":"closed","ping_status":"closed","template":"","meta":{"_acf_changed":false,"inline_featured_image":false,"footnotes":""},"class_list":["post-508","page","type-page","status-publish","hentry"],"acf":[],"yoast_head":"<!-- This site is optimized with the Yoast SEO plugin v27.5 - https:\/\/yoast.com\/product\/yoast-seo-wordpress\/ -->\n<title>Decisions - Srpska narodna \u010ditaonica i knji\u017enica u Vrepcu<\/title>\n<meta name=\"robots\" content=\"index, follow, max-snippet:-1, max-image-preview:large, max-video-preview:-1\" \/>\n<link rel=\"canonical\" href=\"https:\/\/snckvrebac.hr\/en\/society\/decisions\/\" \/>\n<meta property=\"og:locale\" content=\"en_US\" \/>\n<meta property=\"og:type\" content=\"article\" \/>\n<meta property=\"og:title\" content=\"Decisions - Srpska narodna \u010ditaonica i knji\u017enica u Vrepcu\" \/>\n<meta property=\"og:description\" content=\"Lorem ipsum dolor sit amet, consectetur adipiscing elit. Sed sit amet quam sodales, rhoncus mauris a, semper dolor. Vivamus lacinia auctor ante, et vestibulum justo viverra in. Vivamus id diam ...\" \/>\n<meta property=\"og:url\" content=\"https:\/\/snckvrebac.hr\/en\/society\/decisions\/\" \/>\n<meta property=\"og:site_name\" content=\"Srpska narodna \u010ditaonica i knji\u017enica u Vrepcu\" \/>\n<meta property=\"article:modified_time\" content=\"2025-11-08T07:46:11+00:00\" \/>\n<meta name=\"twitter:card\" content=\"summary_large_image\" \/>\n<meta name=\"twitter:label1\" content=\"Est. reading time\" \/>\n\t<meta name=\"twitter:data1\" content=\"1 minute\" \/>\n<script type=\"application\/ld+json\" class=\"yoast-schema-graph\">{\"@context\":\"https:\\\/\\\/schema.org\",\"@graph\":[{\"@type\":\"WebPage\",\"@id\":\"https:\\\/\\\/snckvrebac.hr\\\/en\\\/society\\\/decisions\\\/\",\"url\":\"https:\\\/\\\/snckvrebac.hr\\\/en\\\/society\\\/decisions\\\/\",\"name\":\"Decisions - Srpska narodna \u010ditaonica i knji\u017enica u Vrepcu\",\"isPartOf\":{\"@id\":\"https:\\\/\\\/snckvrebac.hr\\\/#website\"},\"datePublished\":\"2025-11-08T06:52:22+00:00\",\"dateModified\":\"2025-11-08T07:46:11+00:00\",\"breadcrumb\":{\"@id\":\"https:\\\/\\\/snckvrebac.hr\\\/en\\\/society\\\/decisions\\\/#breadcrumb\"},\"inLanguage\":\"en-US\",\"potentialAction\":[{\"@type\":\"ReadAction\",\"target\":[\"https:\\\/\\\/snckvrebac.hr\\\/en\\\/society\\\/decisions\\\/\"]}]},{\"@type\":\"BreadcrumbList\",\"@id\":\"https:\\\/\\\/snckvrebac.hr\\\/en\\\/society\\\/decisions\\\/#breadcrumb\",\"itemListElement\":[{\"@type\":\"ListItem\",\"position\":1,\"name\":\"Po\u010detna stranica\",\"item\":\"https:\\\/\\\/snckvrebac.hr\\\/en\\\/home\\\/\"},{\"@type\":\"ListItem\",\"position\":2,\"name\":\"Society\",\"item\":\"https:\\\/\\\/snckvrebac.hr\\\/en\\\/society\\\/\"},{\"@type\":\"ListItem\",\"position\":3,\"name\":\"Decisions\"}]},{\"@type\":\"WebSite\",\"@id\":\"https:\\\/\\\/snckvrebac.hr\\\/#website\",\"url\":\"https:\\\/\\\/snckvrebac.hr\\\/\",\"name\":\"Srpska narodna \u010ditaonica i knji\u017enica u Vrepcu\",\"description\":\"Arhiva du\u0161e jednog sela\",\"publisher\":{\"@id\":\"https:\\\/\\\/snckvrebac.hr\\\/#organization\"},\"potentialAction\":[{\"@type\":\"SearchAction\",\"target\":{\"@type\":\"EntryPoint\",\"urlTemplate\":\"https:\\\/\\\/snckvrebac.hr\\\/?s={search_term_string}\"},\"query-input\":{\"@type\":\"PropertyValueSpecification\",\"valueRequired\":true,\"valueName\":\"search_term_string\"}}],\"inLanguage\":\"en-US\"},{\"@type\":\"Organization\",\"@id\":\"https:\\\/\\\/snckvrebac.hr\\\/#organization\",\"name\":\"Srpska narodna \u010ditaonica i knji\u017enica u Vrepcu\",\"url\":\"https:\\\/\\\/snckvrebac.hr\\\/\",\"logo\":{\"@type\":\"ImageObject\",\"inLanguage\":\"en-US\",\"@id\":\"https:\\\/\\\/snckvrebac.hr\\\/#\\\/schema\\\/logo\\\/image\\\/\",\"url\":\"https:\\\/\\\/snckvrebac.hr\\\/wp-content\\\/uploads\\\/2025\\\/10\\\/logo.svg\",\"contentUrl\":\"https:\\\/\\\/snckvrebac.hr\\\/wp-content\\\/uploads\\\/2025\\\/10\\\/logo.svg\",\"width\":418,\"height\":73,\"caption\":\"Srpska narodna \u010ditaonica i knji\u017enica u Vrepcu\"},\"image\":{\"@id\":\"https:\\\/\\\/snckvrebac.hr\\\/#\\\/schema\\\/logo\\\/image\\\/\"}}]}<\/script>\n<!-- \/ Yoast SEO plugin. -->","yoast_head_json":{"title":"Decisions - Srpska narodna \u010ditaonica i knji\u017enica u Vrepcu","robots":{"index":"index","follow":"follow","max-snippet":"max-snippet:-1","max-image-preview":"max-image-preview:large","max-video-preview":"max-video-preview:-1"},"canonical":"https:\/\/snckvrebac.hr\/en\/society\/decisions\/","og_locale":"en_US","og_type":"article","og_title":"Decisions - Srpska narodna \u010ditaonica i knji\u017enica u Vrepcu","og_description":"Lorem ipsum dolor sit amet, consectetur adipiscing elit. Sed sit amet quam sodales, rhoncus mauris a, semper dolor. Vivamus lacinia auctor ante, et vestibulum justo viverra in. Vivamus id diam ...","og_url":"https:\/\/snckvrebac.hr\/en\/society\/decisions\/","og_site_name":"Srpska narodna \u010ditaonica i knji\u017enica u Vrepcu","article_modified_time":"2025-11-08T07:46:11+00:00","twitter_card":"summary_large_image","twitter_misc":{"Est. reading time":"1 minute"},"schema":{"@context":"https:\/\/schema.org","@graph":[{"@type":"WebPage","@id":"https:\/\/snckvrebac.hr\/en\/society\/decisions\/","url":"https:\/\/snckvrebac.hr\/en\/society\/decisions\/","name":"Decisions - Srpska narodna \u010ditaonica i knji\u017enica u Vrepcu","isPartOf":{"@id":"https:\/\/snckvrebac.hr\/#website"},"datePublished":"2025-11-08T06:52:22+00:00","dateModified":"2025-11-08T07:46:11+00:00","breadcrumb":{"@id":"https:\/\/snckvrebac.hr\/en\/society\/decisions\/#breadcrumb"},"inLanguage":"en-US","potentialAction":[{"@type":"ReadAction","target":["https:\/\/snckvrebac.hr\/en\/society\/decisions\/"]}]},{"@type":"BreadcrumbList","@id":"https:\/\/snckvrebac.hr\/en\/society\/decisions\/#breadcrumb","itemListElement":[{"@type":"ListItem","position":1,"name":"Po\u010detna stranica","item":"https:\/\/snckvrebac.hr\/en\/home\/"},{"@type":"ListItem","position":2,"name":"Society","item":"https:\/\/snckvrebac.hr\/en\/society\/"},{"@type":"ListItem","position":3,"name":"Decisions"}]},{"@type":"WebSite","@id":"https:\/\/snckvrebac.hr\/#website","url":"https:\/\/snckvrebac.hr\/","name":"Srpska narodna \u010ditaonica i knji\u017enica u Vrepcu","description":"Arhiva du\u0161e jednog sela","publisher":{"@id":"https:\/\/snckvrebac.hr\/#organization"},"potentialAction":[{"@type":"SearchAction","target":{"@type":"EntryPoint","urlTemplate":"https:\/\/snckvrebac.hr\/?s={search_term_string}"},"query-input":{"@type":"PropertyValueSpecification","valueRequired":true,"valueName":"search_term_string"}}],"inLanguage":"en-US"},{"@type":"Organization","@id":"https:\/\/snckvrebac.hr\/#organization","name":"Srpska narodna \u010ditaonica i knji\u017enica u Vrepcu","url":"https:\/\/snckvrebac.hr\/","logo":{"@type":"ImageObject","inLanguage":"en-US","@id":"https:\/\/snckvrebac.hr\/#\/schema\/logo\/image\/","url":"https:\/\/snckvrebac.hr\/wp-content\/uploads\/2025\/10\/logo.svg","contentUrl":"https:\/\/snckvrebac.hr\/wp-content\/uploads\/2025\/10\/logo.svg","width":418,"height":73,"caption":"Srpska narodna \u010ditaonica i knji\u017enica u Vrepcu"},"image":{"@id":"https:\/\/snckvrebac.hr\/#\/schema\/logo\/image\/"}}]}},"_links":{"self":[{"href":"https:\/\/snckvrebac.hr\/en\/wp-json\/wp\/v2\/pages\/508","targetHints":{"allow":["GET"]}}],"collection":[{"href":"https:\/\/snckvrebac.hr\/en\/wp-json\/wp\/v2\/pages"}],"about":[{"href":"https:\/\/snckvrebac.hr\/en\/wp-json\/wp\/v2\/types\/page"}],"author":[{"embeddable":true,"href":"https:\/\/snckvrebac.hr\/en\/wp-json\/wp\/v2\/users\/1"}],"replies":[{"embeddable":true,"href":"https:\/\/snckvrebac.hr\/en\/wp-json\/wp\/v2\/comments?post=508"}],"version-history":[{"count":1,"href":"https:\/\/snckvrebac.hr\/en\/wp-json\/wp\/v2\/pages\/508\/revisions"}],"predecessor-version":[{"id":514,"href":"https:\/\/snckvrebac.hr\/en\/wp-json\/wp\/v2\/pages\/508\/revisions\/514"}],"up":[{"embeddable":true,"href":"https:\/\/snckvrebac.hr\/en\/wp-json\/wp\/v2\/pages\/506"}],"wp:attachment":[{"href":"https:\/\/snckvrebac.hr\/en\/wp-json\/wp\/v2\/media?parent=508"}],"curies":[{"name":"wp","href":"https:\/\/api.w.org\/{rel}","templated":true}]}}